{"id":1054,"date":"2021-02-09T19:40:13","date_gmt":"2021-02-09T18:40:13","guid":{"rendered":"https:\/\/z31.vfdb.org\/wordpress\/?page_id=1054"},"modified":"2021-02-13T19:06:42","modified_gmt":"2021-02-13T18:06:42","slug":"lektion-16","status":"publish","type":"page","link":"https:\/\/z31.vfdb.org\/wordpress\/?page_id=1054","title":{"rendered":"Lektion 16"},"content":{"rendered":"\n<p>CW Kurs des OV Z31 ab Dienstag, 20.10.2020. Termin jeden Dienstag um 19:00 Uhr local auf dem Relais DB0LER, 438.575 MHz. Nach der Lektion werden die \u00dcbungsdateien hier zur Verf\u00fcgung gestellt. Hinweis: Die Nutzung des CW Kurses ist f\u00fcr den privaten Gebrauch zugelassen. Eine kommerzielle Nutzung ist ausdr\u00fccklich untersagt.<\/p>\n\n\n\n<div class=\"wp-block-file\"><a href=\"https:\/\/z31.vfdb.org\/wordpress\/wp-content\/uploads\/2021\/02\/Inhalt_Lektion_16.pdf\">Inhalt_Lektion_16<\/a><a href=\"https:\/\/z31.vfdb.org\/wordpress\/wp-content\/uploads\/2021\/02\/Inhalt_Lektion_16.pdf\" class=\"wp-block-file__button\" download>Herunterladen<\/a><\/div>\n\n\n\n<figure class=\"wp-block-audio\"><audio controls src=\"https:\/\/z31.vfdb.org\/wordpress\/wp-content\/uploads\/2021\/02\/01-Fuenfergruppen-1-1-1.mp3\"><\/audio><figcaption>F\u00fcnfergruppen 1<\/figcaption><\/figure>\n\n\n\n<figure class=\"wp-block-audio\"><audio controls src=\"https:\/\/z31.vfdb.org\/wordpress\/wp-content\/uploads\/2021\/02\/02-Fuenfergruppen-2-1-1.mp3\"><\/audio><figcaption>F\u00fcnfergruppen 2<\/figcaption><\/figure>\n\n\n\n<figure class=\"wp-block-audio\"><audio controls src=\"https:\/\/z31.vfdb.org\/wordpress\/wp-content\/uploads\/2021\/02\/03-Fuenfergruppen-3-1-1.mp3\"><\/audio><figcaption>F\u00fcnfergruppen 3<\/figcaption><\/figure>\n\n\n\n<figure class=\"wp-block-audio\"><audio controls src=\"https:\/\/z31.vfdb.org\/wordpress\/wp-content\/uploads\/2021\/02\/04-Fuenfergruppen-4-.mp3\"><\/audio><figcaption>F\u00fcnfergruppen 4<\/figcaption><\/figure>\n\n\n\n<figure class=\"wp-block-audio\"><audio controls src=\"https:\/\/z31.vfdb.org\/wordpress\/wp-content\/uploads\/2021\/02\/05-Klartext-1-.mp3\"><\/audio><figcaption>Klartext 1<\/figcaption><\/figure>\n\n\n\n<figure class=\"wp-block-audio\"><audio controls src=\"https:\/\/z31.vfdb.org\/wordpress\/wp-content\/uploads\/2021\/02\/06-Klartext-2-.mp3\"><\/audio><figcaption>Klartext 2<\/figcaption><\/figure>\n\n\n\n<figure class=\"wp-block-audio\"><audio controls src=\"https:\/\/z31.vfdb.org\/wordpress\/wp-content\/uploads\/2021\/02\/07-Rufzeichen-1-.mp3\"><\/audio><figcaption>Rufzeichen 1<\/figcaption><\/figure>\n\n\n\n<figure class=\"wp-block-audio\"><audio controls src=\"https:\/\/z31.vfdb.org\/wordpress\/wp-content\/uploads\/2021\/02\/08-Fuenfergruppen-5-.mp3\"><\/audio><figcaption>F\u00fcnfergruppen 5<\/figcaption><\/figure>\n\n\n\n<figure class=\"wp-block-audio\"><audio controls src=\"https:\/\/z31.vfdb.org\/wordpress\/wp-content\/uploads\/2021\/02\/09-Fuenfergruppen-6-.mp3\"><\/audio><figcaption>F\u00fcnfergruppen 6<\/figcaption><\/figure>\n\n\n\n<figure class=\"wp-block-audio\"><audio controls src=\"https:\/\/z31.vfdb.org\/wordpress\/wp-content\/uploads\/2021\/02\/10-Fuenfergruppen-7-.mp3\"><\/audio><figcaption>F\u00fcnfergruppen 7<\/figcaption><\/figure>\n\n\n\n<figure class=\"wp-block-audio\"><audio controls src=\"https:\/\/z31.vfdb.org\/wordpress\/wp-content\/uploads\/2021\/02\/011-Klartext-3-.mp3\"><\/audio><figcaption>Klartext 3<\/figcaption><\/figure>\n\n\n\n<figure class=\"wp-block-audio\"><audio controls src=\"https:\/\/z31.vfdb.org\/wordpress\/wp-content\/uploads\/2021\/02\/012-Rufzeichen-2-.mp3\"><\/audio><figcaption>Rufzeichen 2<\/figcaption><\/figure>\n\n\n\n<figure class=\"wp-block-audio\"><audio controls src=\"https:\/\/z31.vfdb.org\/wordpress\/wp-content\/uploads\/2021\/02\/013-QRQ-Test-.mp3\"><\/audio><figcaption>QRQ Test<\/figcaption><\/figure>\n\n\n\n<p><\/p>\n","protected":false},"excerpt":{"rendered":"<p>CW Kurs des OV Z31 ab Dienstag, 20.10.2020. Termin jeden Dienstag um 19:00 Uhr local auf dem Relais DB0LER, 438.575 MHz. Nach der Lektion werden die \u00dcbungsdateien hier zur Verf\u00fcgung gestellt. Hinweis: Die Nutzung des CW Kurses ist f\u00fcr den privaten Gebrauch zugelassen. Eine kommerzielle Nutzung ist ausdr\u00fccklich untersagt.<\/p>\n","protected":false},"author":1,"featured_media":0,"parent":0,"menu_order":0,"comment_status":"closed","ping_status":"closed","template":"","meta":{"footnotes":""},"class_list":["post-1054","page","type-page","status-publish","hentry"],"aioseo_notices":[],"_links":{"self":[{"href":"https:\/\/z31.vfdb.org\/wordpress\/index.php?rest_route=\/wp\/v2\/pages\/1054","targetHints":{"allow":["GET"]}}],"collection":[{"href":"https:\/\/z31.vfdb.org\/wordpress\/index.php?rest_route=\/wp\/v2\/pages"}],"about":[{"href":"https:\/\/z31.vfdb.org\/wordpress\/index.php?rest_route=\/wp\/v2\/types\/page"}],"author":[{"embeddable":true,"href":"https:\/\/z31.vfdb.org\/wordpress\/index.php?rest_route=\/wp\/v2\/users\/1"}],"replies":[{"embeddable":true,"href":"https:\/\/z31.vfdb.org\/wordpress\/index.php?rest_route=%2Fwp%2Fv2%2Fcomments&post=1054"}],"version-history":[{"count":3,"href":"https:\/\/z31.vfdb.org\/wordpress\/index.php?rest_route=\/wp\/v2\/pages\/1054\/revisions"}],"predecessor-version":[{"id":1083,"href":"https:\/\/z31.vfdb.org\/wordpress\/index.php?rest_route=\/wp\/v2\/pages\/1054\/revisions\/1083"}],"wp:attachment":[{"href":"https:\/\/z31.vfdb.org\/wordpress\/index.php?rest_route=%2Fwp%2Fv2%2Fmedia&parent=1054"}],"curies":[{"name":"wp","href":"https:\/\/api.w.org\/{rel}","templated":true}]}}