{"id":2876,"date":"2024-01-06T11:02:02","date_gmt":"2024-01-06T10:02:02","guid":{"rendered":"https:\/\/z31.vfdb.org\/wordpress\/?page_id=2876"},"modified":"2025-12-14T18:34:35","modified_gmt":"2025-12-14T17:34:35","slug":"foerdergemeinschaft-relaisfunkstellen-z31","status":"publish","type":"page","link":"https:\/\/z31.vfdb.org\/wordpress\/?page_id=2876","title":{"rendered":"F\u00f6rdergemeinschaft Relaisfunkstellen Z31"},"content":{"rendered":"\n<figure class=\"wp-block-image size-full\"><img loading=\"lazy\" decoding=\"async\" width=\"1010\" height=\"309\" src=\"https:\/\/z31.vfdb.org\/wordpress\/wp-content\/uploads\/2024\/01\/FG_Relaisfunkstellen.jpg\" alt=\"\" class=\"wp-image-2880\" srcset=\"https:\/\/z31.vfdb.org\/wordpress\/wp-content\/uploads\/2024\/01\/FG_Relaisfunkstellen.jpg 1010w, https:\/\/z31.vfdb.org\/wordpress\/wp-content\/uploads\/2024\/01\/FG_Relaisfunkstellen-300x92.jpg 300w, https:\/\/z31.vfdb.org\/wordpress\/wp-content\/uploads\/2024\/01\/FG_Relaisfunkstellen-768x235.jpg 768w\" sizes=\"auto, (max-width: 1010px) 100vw, 1010px\" \/><\/figure>\n\n\n\n<p>Die F\u00f6rdergemeinschaft Relaisfunkstellen ist eine ortsverbands\u00fcbergreifende Interessengruppe von Funkamateuren und H\u00f6rern, die sich f\u00fcr den Erhalt und die F\u00f6rderung unserer Relaisfunkstellen DB0WO, DB0LER und DB0ET einsetzen. Hier geht es im Wesentlichen um die Finanzierung der Stromkosten. <\/p>\n\n\n\n<p>Wir freuen uns immer \u00fcber Mitstreiter, die uns unterst\u00fctzen. Ob Funkamateur mit Lizenz, SWL oder allgemein Funk- und Technikinteressierter, unsere F\u00f6rdergemeinschaft ist f\u00fcr alle offen. Mit dem Jahresbeitrag von 25 Euro leisten die Mitglieder einen wertvollen Beitrag zur Erhaltung der Relaisfunkstellen in Leer und Emden.<\/p>\n\n\n\n<p>F\u00fcr die Mitgliedschaft einfach den beiliegenden Antrag ausf\u00fcllen, an die unten aufgef\u00fchrte E-Mailadresse senden und den Mitgliedsbeitrag auf das im Antragsformular angegebene Konto \u00fcberweisen. <\/p>\n\n\n\n<p><a href=\"https:\/\/fg-z31.de\/wp-content\/uploads\/2025\/12\/Mitgliedsantrag.pdf\" target=\"_blank\" rel=\"noopener\" title=\"\">Mitgliedsantrag<\/a><\/p>\n\n\n\n<p><a href=\"https:\/\/fg-z31.de\/wp-content\/uploads\/2020\/02\/Satzung-F\u00f6rdergemeinschaft-Relaisfunstellen.pdf\" target=\"_blank\" rel=\"noopener\" title=\"\">Satzung F\u00f6rdergemeinschaft Relaisfunstellen<\/a><\/p>\n\n\n\n<p>F\u00fcr Fragen und Kontaktaufnahme einfach eine EMail an eine der folgenden E-Mailadressen. Wir melden uns umgehend.<\/p>\n\n\n\n<p><a href=\"mailto:dg9bb_evert@gmx.de\" target=\"_blank\" rel=\"noopener\" title=\"\">dg9bbr_evert@gmx.de<\/a><br><a href=\"mailto:dl5kat@t-online.de\" target=\"_blank\" rel=\"noopener\" title=\"\">dl5kat@t-online.de<\/a><\/p>\n\n\n\n<p><\/p>\n","protected":false},"excerpt":{"rendered":"<p>Die F\u00f6rdergemeinschaft Relaisfunkstellen ist eine ortsverbands\u00fcbergreifende Interessengruppe von Funkamateuren und H\u00f6rern, die sich f\u00fcr den Erhalt und die F\u00f6rderung unserer Relaisfunkstellen DB0WO, DB0LER und DB0ET einsetzen. Hier geht es im Wesentlichen um die Finanzierung der Stromkosten. Wir freuen uns immer \u00fcber Mitstreiter, die uns unterst\u00fctzen. Ob Funkamateur mit Lizenz, SWL oder allgemein Funk- und Technikinteressierter, [&hellip;]<\/p>\n","protected":false},"author":1,"featured_media":0,"parent":0,"menu_order":0,"comment_status":"closed","ping_status":"closed","template":"","meta":{"footnotes":""},"class_list":["post-2876","page","type-page","status-publish","hentry"],"aioseo_notices":[],"_links":{"self":[{"href":"https:\/\/z31.vfdb.org\/wordpress\/index.php?rest_route=\/wp\/v2\/pages\/2876","targetHints":{"allow":["GET"]}}],"collection":[{"href":"https:\/\/z31.vfdb.org\/wordpress\/index.php?rest_route=\/wp\/v2\/pages"}],"about":[{"href":"https:\/\/z31.vfdb.org\/wordpress\/index.php?rest_route=\/wp\/v2\/types\/page"}],"author":[{"embeddable":true,"href":"https:\/\/z31.vfdb.org\/wordpress\/index.php?rest_route=\/wp\/v2\/users\/1"}],"replies":[{"embeddable":true,"href":"https:\/\/z31.vfdb.org\/wordpress\/index.php?rest_route=%2Fwp%2Fv2%2Fcomments&post=2876"}],"version-history":[{"count":10,"href":"https:\/\/z31.vfdb.org\/wordpress\/index.php?rest_route=\/wp\/v2\/pages\/2876\/revisions"}],"predecessor-version":[{"id":3973,"href":"https:\/\/z31.vfdb.org\/wordpress\/index.php?rest_route=\/wp\/v2\/pages\/2876\/revisions\/3973"}],"wp:attachment":[{"href":"https:\/\/z31.vfdb.org\/wordpress\/index.php?rest_route=%2Fwp%2Fv2%2Fmedia&parent=2876"}],"curies":[{"name":"wp","href":"https:\/\/api.w.org\/{rel}","templated":true}]}}