{"id":471,"date":"2020-10-25T08:14:55","date_gmt":"2020-10-25T07:14:55","guid":{"rendered":"https:\/\/z31.vfdb.org\/wordpress\/?page_id=471"},"modified":"2020-12-07T13:50:52","modified_gmt":"2020-12-07T12:50:52","slug":"lektion-2","status":"publish","type":"page","link":"https:\/\/z31.vfdb.org\/wordpress\/?page_id=471","title":{"rendered":"Lektion 2"},"content":{"rendered":"\n<p>CW Kurs des OV Z31 ab Dienstag, 20.10.2020. Termin jeden Dienstag um 19:00 Uhr local auf dem Relais DB0LER, 438.575 MHz. Nach der Lektion werden die \u00dcbungsdateien hier zur Verf\u00fcgung gestellt. Hinweis: Die Nutzung des CW Kurses ist f\u00fcr den privaten Gebrauch zugelassen. Eine kommerzielle Nutzung ist ausdr\u00fccklich untersagt.<\/p>\n\n\n\n<div class=\"wp-block-file\"><a href=\"https:\/\/z31.vfdb.org\/wordpress\/wp-content\/uploads\/2020\/10\/Inhalt_Lektion_2.pdf\">Inhalt_Lektion_2<\/a><a href=\"https:\/\/z31.vfdb.org\/wordpress\/wp-content\/uploads\/2020\/10\/Inhalt_Lektion_2.pdf\" class=\"wp-block-file__button\" download>Herunterladen<\/a><\/div>\n\n\n\n<div class=\"wp-block-file\"><a href=\"https:\/\/z31.vfdb.org\/wordpress\/wp-content\/uploads\/2020\/10\/Mitschrift-Fuenfergruppen.ods\">Mitschrift-Fuenfergruppen<\/a><a href=\"https:\/\/z31.vfdb.org\/wordpress\/wp-content\/uploads\/2020\/10\/Mitschrift-Fuenfergruppen.ods\" class=\"wp-block-file__button\" download>Herunterladen<\/a><\/div>\n\n\n\n<div class=\"wp-block-file\"><a href=\"https:\/\/z31.vfdb.org\/wordpress\/wp-content\/uploads\/2020\/10\/Mitschrift-Klartext.ods\">Mitschrift-Klartext<\/a><a href=\"https:\/\/z31.vfdb.org\/wordpress\/wp-content\/uploads\/2020\/10\/Mitschrift-Klartext.ods\" class=\"wp-block-file__button\" download>Herunterladen<\/a><\/div>\n\n\n\n<figure class=\"wp-block-audio\"><audio controls src=\"https:\/\/z31.vfdb.org\/wordpress\/wp-content\/uploads\/2020\/10\/01-Wiederholung_zur_Lektion_1-1.mp3\"><\/audio><figcaption>Wiederholung aus Lektion 1, F\u00fcnfergruppen <\/figcaption><\/figure>\n\n\n\n<figure class=\"wp-block-audio\"><audio controls src=\"https:\/\/z31.vfdb.org\/wordpress\/wp-content\/uploads\/2020\/10\/02-Buchstabe-A.mp3\"><\/audio><figcaption>Buchstabe A<\/figcaption><\/figure>\n\n\n\n<figure class=\"wp-block-audio\"><audio controls src=\"https:\/\/z31.vfdb.org\/wordpress\/wp-content\/uploads\/2020\/10\/03-Buchstabe-S.mp3\"><\/audio><figcaption>Buchstabe S<\/figcaption><\/figure>\n\n\n\n<figure class=\"wp-block-audio\"><audio controls src=\"https:\/\/z31.vfdb.org\/wordpress\/wp-content\/uploads\/2020\/10\/04-Buchstabe-Q.mp3\"><\/audio><figcaption>Buchstabe Q<\/figcaption><\/figure>\n\n\n\n<figure class=\"wp-block-audio\"><audio controls src=\"https:\/\/z31.vfdb.org\/wordpress\/wp-content\/uploads\/2020\/10\/05-Irrung.mp3\"><\/audio><figcaption>Verkehrszeichen &#8222;IRRUNG&#8220;  (Klangbild: &#8222;MississippiMississippi)<\/figcaption><\/figure>\n\n\n\n<figure class=\"wp-block-audio\"><audio controls src=\"https:\/\/z31.vfdb.org\/wordpress\/wp-content\/uploads\/2020\/10\/06-SK-Ende-des-gesamten-Verkehrs.mp3\"><\/audio><figcaption>Verkehrszeichen &#8222;SK&#8220; Ende des gesamten Verkehrs<\/figcaption><\/figure>\n\n\n\n<figure class=\"wp-block-audio\"><audio controls src=\"https:\/\/z31.vfdb.org\/wordpress\/wp-content\/uploads\/2020\/10\/07-Zeichen-ASQ-gemischt.mp3\"><\/audio><figcaption>Buchstaben A, S und Q gemischt<\/figcaption><\/figure>\n\n\n\n<figure class=\"wp-block-audio\"><audio controls src=\"https:\/\/z31.vfdb.org\/wordpress\/wp-content\/uploads\/2020\/10\/08-Fuenfergruppen-1.mp3\"><\/audio><figcaption>F\u00fcnfergruppen 1<\/figcaption><\/figure>\n\n\n\n<figure class=\"wp-block-audio\"><audio controls src=\"https:\/\/z31.vfdb.org\/wordpress\/wp-content\/uploads\/2020\/10\/09-Fuenfergruppen-2.mp3\"><\/audio><figcaption>F\u00fcnfergruppen 2<\/figcaption><\/figure>\n\n\n\n<figure class=\"wp-block-audio\"><audio controls src=\"https:\/\/z31.vfdb.org\/wordpress\/wp-content\/uploads\/2020\/10\/10-Fuenfergruppen-3.mp3\"><\/audio><figcaption>F\u00fcnfergruppen 3<\/figcaption><\/figure>\n\n\n\n<figure class=\"wp-block-audio\"><audio controls src=\"https:\/\/z31.vfdb.org\/wordpress\/wp-content\/uploads\/2020\/10\/11-Fuenfergruppen-4.mp3\"><\/audio><figcaption>F\u00fcnfergruppen 4<\/figcaption><\/figure>\n\n\n\n<figure class=\"wp-block-audio\"><audio controls src=\"https:\/\/z31.vfdb.org\/wordpress\/wp-content\/uploads\/2020\/10\/12-Fuenfergruppen-5.mp3\"><\/audio><figcaption>F\u00fcnfergruppen 5<\/figcaption><\/figure>\n\n\n\n<figure class=\"wp-block-audio\"><audio controls src=\"https:\/\/z31.vfdb.org\/wordpress\/wp-content\/uploads\/2020\/10\/13-Fuenfergruppen-6.mp3\"><\/audio><figcaption>F\u00fcnfergruppen 6<\/figcaption><\/figure>\n\n\n\n<figure class=\"wp-block-audio\"><audio controls src=\"https:\/\/z31.vfdb.org\/wordpress\/wp-content\/uploads\/2020\/10\/14-QRQ-Test.mp3\"><\/audio><figcaption>QRQ Test<\/figcaption><\/figure>\n\n\n\n<p><\/p>\n","protected":false},"excerpt":{"rendered":"<p>CW Kurs des OV Z31 ab Dienstag, 20.10.2020. Termin jeden Dienstag um 19:00 Uhr local auf dem Relais DB0LER, 438.575 MHz. Nach der Lektion werden die \u00dcbungsdateien hier zur Verf\u00fcgung gestellt. Hinweis: Die Nutzung des CW Kurses ist f\u00fcr den privaten Gebrauch zugelassen. Eine kommerzielle Nutzung ist ausdr\u00fccklich untersagt.<\/p>\n","protected":false},"author":1,"featured_media":0,"parent":0,"menu_order":0,"comment_status":"closed","ping_status":"closed","template":"","meta":{"footnotes":""},"class_list":["post-471","page","type-page","status-publish","hentry"],"aioseo_notices":[],"_links":{"self":[{"href":"https:\/\/z31.vfdb.org\/wordpress\/index.php?rest_route=\/wp\/v2\/pages\/471","targetHints":{"allow":["GET"]}}],"collection":[{"href":"https:\/\/z31.vfdb.org\/wordpress\/index.php?rest_route=\/wp\/v2\/pages"}],"about":[{"href":"https:\/\/z31.vfdb.org\/wordpress\/index.php?rest_route=\/wp\/v2\/types\/page"}],"author":[{"embeddable":true,"href":"https:\/\/z31.vfdb.org\/wordpress\/index.php?rest_route=\/wp\/v2\/users\/1"}],"replies":[{"embeddable":true,"href":"https:\/\/z31.vfdb.org\/wordpress\/index.php?rest_route=%2Fwp%2Fv2%2Fcomments&post=471"}],"version-history":[{"count":14,"href":"https:\/\/z31.vfdb.org\/wordpress\/index.php?rest_route=\/wp\/v2\/pages\/471\/revisions"}],"predecessor-version":[{"id":751,"href":"https:\/\/z31.vfdb.org\/wordpress\/index.php?rest_route=\/wp\/v2\/pages\/471\/revisions\/751"}],"wp:attachment":[{"href":"https:\/\/z31.vfdb.org\/wordpress\/index.php?rest_route=%2Fwp%2Fv2%2Fmedia&parent=471"}],"curies":[{"name":"wp","href":"https:\/\/api.w.org\/{rel}","templated":true}]}}