{"id":886,"date":"2021-01-03T17:24:04","date_gmt":"2021-01-03T16:24:04","guid":{"rendered":"https:\/\/z31.vfdb.org\/wordpress\/?page_id=886"},"modified":"2021-01-05T20:03:55","modified_gmt":"2021-01-05T19:03:55","slug":"lektion-11","status":"publish","type":"page","link":"https:\/\/z31.vfdb.org\/wordpress\/?page_id=886","title":{"rendered":"Lektion 11"},"content":{"rendered":"\n<p>CW Kurs des OV Z31 ab Dienstag, 20.10.2020. Termin jeden Dienstag um 19:00 Uhr local auf dem Relais DB0LER, 438.575 MHz. Nach der Lektion werden die \u00dcbungsdateien hier zur Verf\u00fcgung gestellt. Hinweis: Die Nutzung des CW Kurses ist f\u00fcr den privaten Gebrauch zugelassen. Eine kommerzielle Nutzung ist ausdr\u00fccklich untersagt.<\/p>\n\n\n\n<div class=\"wp-block-file\"><a href=\"https:\/\/z31.vfdb.org\/wordpress\/wp-content\/uploads\/2021\/01\/Inhalt_Lektion_11.pdf\">Inhalt_Lektion_11<\/a><a href=\"https:\/\/z31.vfdb.org\/wordpress\/wp-content\/uploads\/2021\/01\/Inhalt_Lektion_11.pdf\" class=\"wp-block-file__button\" download>Herunterladen<\/a><\/div>\n\n\n\n<figure class=\"wp-block-audio\"><audio controls src=\"https:\/\/z31.vfdb.org\/wordpress\/wp-content\/uploads\/2021\/01\/01-Wiederholung-.mp3\"><\/audio><figcaption>Wiederholung<\/figcaption><\/figure>\n\n\n\n<figure class=\"wp-block-audio\"><audio controls src=\"https:\/\/z31.vfdb.org\/wordpress\/wp-content\/uploads\/2021\/01\/02-Ziffer-8-.mp3\"><\/audio><figcaption>Ziffer 8<\/figcaption><\/figure>\n\n\n\n<figure class=\"wp-block-audio\"><audio controls src=\"https:\/\/z31.vfdb.org\/wordpress\/wp-content\/uploads\/2021\/01\/03-Satzzeichen-Punkt-.mp3\"><\/audio><figcaption>Satzzeichen Punkt .<\/figcaption><\/figure>\n\n\n\n<figure class=\"wp-block-audio\"><audio controls src=\"https:\/\/z31.vfdb.org\/wordpress\/wp-content\/uploads\/2021\/01\/04-Ziffer-8-und-Satzzeichen-Punkt-gemischt-.mp3\"><\/audio><figcaption>Ziffer 8 und Satzzeichen Punkt gemischt<\/figcaption><\/figure>\n\n\n\n<figure class=\"wp-block-audio\"><audio controls src=\"https:\/\/z31.vfdb.org\/wordpress\/wp-content\/uploads\/2021\/01\/05-Fuenfergruppen-1-.mp3\"><\/audio><figcaption>F\u00fcnfergruppen 1<\/figcaption><\/figure>\n\n\n\n<figure class=\"wp-block-audio\"><audio controls src=\"https:\/\/z31.vfdb.org\/wordpress\/wp-content\/uploads\/2021\/01\/06-Zeichen-.mp3\"><\/audio><figcaption>Zeichen Klammer auf (<\/figcaption><\/figure>\n\n\n\n<figure class=\"wp-block-audio\"><audio controls src=\"https:\/\/z31.vfdb.org\/wordpress\/wp-content\/uploads\/2021\/01\/07-Zeichen-.mp3\"><\/audio><figcaption>Zeichen Klammer zu )<\/figcaption><\/figure>\n\n\n\n<figure class=\"wp-block-audio\"><audio controls src=\"https:\/\/z31.vfdb.org\/wordpress\/wp-content\/uploads\/2021\/01\/08-Zeichen-und-Zeichen-gemischt-.mp3\"><\/audio><figcaption>Zeichen ( und Zeichen ) gemischt<\/figcaption><\/figure>\n\n\n\n<figure class=\"wp-block-audio\"><audio controls src=\"https:\/\/z31.vfdb.org\/wordpress\/wp-content\/uploads\/2021\/01\/09-Fuenfergruppen-2-.mp3\"><\/audio><figcaption>F\u00fcnfergruppen 2<\/figcaption><\/figure>\n\n\n\n<figure class=\"wp-block-audio\"><audio controls src=\"https:\/\/z31.vfdb.org\/wordpress\/wp-content\/uploads\/2021\/01\/10-Klartext-1-.mp3\"><\/audio><figcaption>Klartext 1<\/figcaption><\/figure>\n\n\n\n<figure class=\"wp-block-audio\"><audio controls src=\"https:\/\/z31.vfdb.org\/wordpress\/wp-content\/uploads\/2021\/01\/11-Fuenfergruppen-3-.mp3\"><\/audio><figcaption>F\u00fcnfergruppen 3<\/figcaption><\/figure>\n\n\n\n<figure class=\"wp-block-audio\"><audio controls src=\"https:\/\/z31.vfdb.org\/wordpress\/wp-content\/uploads\/2021\/01\/12-Woerter-1-.mp3\"><\/audio><figcaption>W\u00f6rter 1<\/figcaption><\/figure>\n\n\n\n<figure class=\"wp-block-audio\"><audio controls src=\"https:\/\/z31.vfdb.org\/wordpress\/wp-content\/uploads\/2021\/01\/13-Klartext-2-.mp3\"><\/audio><figcaption>Klartext 2<\/figcaption><\/figure>\n\n\n\n<figure class=\"wp-block-audio\"><audio controls src=\"https:\/\/z31.vfdb.org\/wordpress\/wp-content\/uploads\/2021\/01\/14-Fuenfergruppen-4-.mp3\"><\/audio><figcaption>F\u00fcnfergruppen 4<\/figcaption><\/figure>\n\n\n\n<figure class=\"wp-block-audio\"><audio controls src=\"https:\/\/z31.vfdb.org\/wordpress\/wp-content\/uploads\/2021\/01\/15-QRQ-Test-.mp3\"><\/audio><figcaption>QRQ Test<\/figcaption><\/figure>\n\n\n\n<p><\/p>\n","protected":false},"excerpt":{"rendered":"<p>CW Kurs des OV Z31 ab Dienstag, 20.10.2020. Termin jeden Dienstag um 19:00 Uhr local auf dem Relais DB0LER, 438.575 MHz. Nach der Lektion werden die \u00dcbungsdateien hier zur Verf\u00fcgung gestellt. Hinweis: Die Nutzung des CW Kurses ist f\u00fcr den privaten Gebrauch zugelassen. Eine kommerzielle Nutzung ist ausdr\u00fccklich untersagt.<\/p>\n","protected":false},"author":1,"featured_media":0,"parent":0,"menu_order":0,"comment_status":"closed","ping_status":"closed","template":"","meta":{"footnotes":""},"class_list":["post-886","page","type-page","status-publish","hentry"],"aioseo_notices":[],"_links":{"self":[{"href":"https:\/\/z31.vfdb.org\/wordpress\/index.php?rest_route=\/wp\/v2\/pages\/886","targetHints":{"allow":["GET"]}}],"collection":[{"href":"https:\/\/z31.vfdb.org\/wordpress\/index.php?rest_route=\/wp\/v2\/pages"}],"about":[{"href":"https:\/\/z31.vfdb.org\/wordpress\/index.php?rest_route=\/wp\/v2\/types\/page"}],"author":[{"embeddable":true,"href":"https:\/\/z31.vfdb.org\/wordpress\/index.php?rest_route=\/wp\/v2\/users\/1"}],"replies":[{"embeddable":true,"href":"https:\/\/z31.vfdb.org\/wordpress\/index.php?rest_route=%2Fwp%2Fv2%2Fcomments&post=886"}],"version-history":[{"count":4,"href":"https:\/\/z31.vfdb.org\/wordpress\/index.php?rest_route=\/wp\/v2\/pages\/886\/revisions"}],"predecessor-version":[{"id":908,"href":"https:\/\/z31.vfdb.org\/wordpress\/index.php?rest_route=\/wp\/v2\/pages\/886\/revisions\/908"}],"wp:attachment":[{"href":"https:\/\/z31.vfdb.org\/wordpress\/index.php?rest_route=%2Fwp%2Fv2%2Fmedia&parent=886"}],"curies":[{"name":"wp","href":"https:\/\/api.w.org\/{rel}","templated":true}]}}