{"id":969,"date":"2021-01-17T08:19:31","date_gmt":"2021-01-17T07:19:31","guid":{"rendered":"https:\/\/z31.vfdb.org\/wordpress\/?page_id=969"},"modified":"2021-01-19T19:57:10","modified_gmt":"2021-01-19T18:57:10","slug":"lektion-13","status":"publish","type":"page","link":"https:\/\/z31.vfdb.org\/wordpress\/?page_id=969","title":{"rendered":"Lektion 13"},"content":{"rendered":"\n<p>CW Kurs des OV Z31 ab Dienstag, 20.10.2020. Termin jeden Dienstag um 19:00 Uhr local auf dem Relais DB0LER, 438.575 MHz. Nach der Lektion werden die \u00dcbungsdateien hier zur Verf\u00fcgung gestellt. Hinweis: Die Nutzung des CW Kurses ist f\u00fcr den privaten Gebrauch zugelassen. Eine kommerzielle Nutzung ist ausdr\u00fccklich untersagt.<\/p>\n\n\n\n<div class=\"wp-block-file\"><a href=\"https:\/\/z31.vfdb.org\/wordpress\/wp-content\/uploads\/2021\/01\/Inhalt_Lektion_13.pdf\">Inhalt_Lektion_13<\/a><a href=\"https:\/\/z31.vfdb.org\/wordpress\/wp-content\/uploads\/2021\/01\/Inhalt_Lektion_13.pdf\" class=\"wp-block-file__button\" download>Herunterladen<\/a><\/div>\n\n\n\n<figure class=\"wp-block-audio\"><audio controls src=\"https:\/\/z31.vfdb.org\/wordpress\/wp-content\/uploads\/2021\/01\/01-Wiederholung-1-2.mp3\"><\/audio><figcaption>Wiederholung<\/figcaption><\/figure>\n\n\n\n<figure class=\"wp-block-audio\"><audio controls src=\"https:\/\/z31.vfdb.org\/wordpress\/wp-content\/uploads\/2021\/01\/02-Fuenfergruppen-1-.mp3\"><\/audio><figcaption>F\u00fcnfergruppen 1<\/figcaption><\/figure>\n\n\n\n<figure class=\"wp-block-audio\"><audio controls src=\"https:\/\/z31.vfdb.org\/wordpress\/wp-content\/uploads\/2021\/01\/03-Fuenfergruppen-2-.mp3\"><\/audio><figcaption>F\u00fcnfergruppen 2<\/figcaption><\/figure>\n\n\n\n<figure class=\"wp-block-audio\"><audio controls src=\"https:\/\/z31.vfdb.org\/wordpress\/wp-content\/uploads\/2021\/01\/04-Fuenfergruppen-3-.mp3\"><\/audio><figcaption>F\u00fcnfergruppen 3<\/figcaption><\/figure>\n\n\n\n<figure class=\"wp-block-audio\"><audio controls src=\"https:\/\/z31.vfdb.org\/wordpress\/wp-content\/uploads\/2021\/01\/05-Klartext-1-.mp3\"><\/audio><figcaption>Klartext 1<\/figcaption><\/figure>\n\n\n\n<figure class=\"wp-block-audio\"><audio controls src=\"https:\/\/z31.vfdb.org\/wordpress\/wp-content\/uploads\/2021\/01\/06-QSO-Text-1-.mp3\"><\/audio><figcaption>QSO Text 1<\/figcaption><\/figure>\n\n\n\n<figure class=\"wp-block-audio\"><audio controls src=\"https:\/\/z31.vfdb.org\/wordpress\/wp-content\/uploads\/2021\/01\/07-Klartext-2-wortweise-rueckwaerts-.mp3\"><\/audio><figcaption>Klartext 2 (wortweise r\u00fcckw\u00e4rts)<\/figcaption><\/figure>\n\n\n\n<figure class=\"wp-block-audio\"><audio controls src=\"https:\/\/z31.vfdb.org\/wordpress\/wp-content\/uploads\/2021\/01\/08-Fuenfergruppen-4-.mp3\"><\/audio><figcaption>F\u00fcnfergruppen 4<\/figcaption><\/figure>\n\n\n\n<figure class=\"wp-block-audio\"><audio controls src=\"https:\/\/z31.vfdb.org\/wordpress\/wp-content\/uploads\/2021\/01\/09-Woerter-1-.mp3\"><\/audio><figcaption>W\u00f6rter 1<\/figcaption><\/figure>\n\n\n\n<figure class=\"wp-block-audio\"><audio controls src=\"https:\/\/z31.vfdb.org\/wordpress\/wp-content\/uploads\/2021\/01\/10-Fuenfergruppen-5-.mp3\"><\/audio><figcaption>F\u00fcnfergruppen 5<\/figcaption><\/figure>\n\n\n\n<figure class=\"wp-block-audio\"><audio controls src=\"https:\/\/z31.vfdb.org\/wordpress\/wp-content\/uploads\/2021\/01\/11-Fuenfergruppen-6-.mp3\"><\/audio><figcaption>F\u00fcnfergruppen 6<\/figcaption><\/figure>\n\n\n\n<figure class=\"wp-block-audio\"><audio controls src=\"https:\/\/z31.vfdb.org\/wordpress\/wp-content\/uploads\/2021\/01\/12-Klartext-3-.mp3\"><\/audio><figcaption>Klartext 3<\/figcaption><\/figure>\n\n\n\n<figure class=\"wp-block-audio\"><audio controls src=\"https:\/\/z31.vfdb.org\/wordpress\/wp-content\/uploads\/2021\/01\/013-Klartext-4-.mp3\"><\/audio><figcaption>Klartext 4<\/figcaption><\/figure>\n\n\n\n<figure class=\"wp-block-audio\"><audio controls src=\"https:\/\/z31.vfdb.org\/wordpress\/wp-content\/uploads\/2021\/01\/014-QRQ-Test-.mp3\"><\/audio><figcaption>QRQ Test<\/figcaption><\/figure>\n","protected":false},"excerpt":{"rendered":"<p>CW Kurs des OV Z31 ab Dienstag, 20.10.2020. Termin jeden Dienstag um 19:00 Uhr local auf dem Relais DB0LER, 438.575 MHz. Nach der Lektion werden die \u00dcbungsdateien hier zur Verf\u00fcgung gestellt. Hinweis: Die Nutzung des CW Kurses ist f\u00fcr den privaten Gebrauch zugelassen. Eine kommerzielle Nutzung ist ausdr\u00fccklich untersagt.<\/p>\n","protected":false},"author":1,"featured_media":0,"parent":0,"menu_order":0,"comment_status":"closed","ping_status":"closed","template":"","meta":{"footnotes":""},"class_list":["post-969","page","type-page","status-publish","hentry"],"aioseo_notices":[],"_links":{"self":[{"href":"https:\/\/z31.vfdb.org\/wordpress\/index.php?rest_route=\/wp\/v2\/pages\/969","targetHints":{"allow":["GET"]}}],"collection":[{"href":"https:\/\/z31.vfdb.org\/wordpress\/index.php?rest_route=\/wp\/v2\/pages"}],"about":[{"href":"https:\/\/z31.vfdb.org\/wordpress\/index.php?rest_route=\/wp\/v2\/types\/page"}],"author":[{"embeddable":true,"href":"https:\/\/z31.vfdb.org\/wordpress\/index.php?rest_route=\/wp\/v2\/users\/1"}],"replies":[{"embeddable":true,"href":"https:\/\/z31.vfdb.org\/wordpress\/index.php?rest_route=%2Fwp%2Fv2%2Fcomments&post=969"}],"version-history":[{"count":3,"href":"https:\/\/z31.vfdb.org\/wordpress\/index.php?rest_route=\/wp\/v2\/pages\/969\/revisions"}],"predecessor-version":[{"id":993,"href":"https:\/\/z31.vfdb.org\/wordpress\/index.php?rest_route=\/wp\/v2\/pages\/969\/revisions\/993"}],"wp:attachment":[{"href":"https:\/\/z31.vfdb.org\/wordpress\/index.php?rest_route=%2Fwp%2Fv2%2Fmedia&parent=969"}],"curies":[{"name":"wp","href":"https:\/\/api.w.org\/{rel}","templated":true}]}}